{"id":752,"date":"2024-01-26T08:28:30","date_gmt":"2024-01-26T08:28:30","guid":{"rendered":"https:\/\/www.karto-k.eu\/?page_id=752"},"modified":"2025-03-01T08:41:28","modified_gmt":"2025-03-01T08:41:28","slug":"kartoteka-platidel-lokalni-na-pc","status":"publish","type":"page","link":"https:\/\/www.karto-k.eu\/?page_id=752","title":{"rendered":"Lok\u00e1ln\u00ed na PC"},"content":{"rendered":"\n<p class=\"has-medium-font-size\"><strong>Aktualizace (Upgrade) ke sta\u017een\u00ed:<\/strong><\/p>\n\n\n\n<p><strong><mark style=\"background-color:rgba(0, 0, 0, 0)\" class=\"has-inline-color has-vivid-red-color\">Aktualizace ukon\u010deny k 1.3.2025<\/mark><\/strong><\/p>\n\n\n\n<p><a href=\"https:\/\/www.karto-k.eu\/?page_id=21\" data-type=\"link\" data-id=\"https:\/\/www.karto-k.eu\/?page_id=21\">Zp\u011bt na Novinky<\/a><\/p>\n\n\n\n<p><\/p>\n","protected":false},"excerpt":{"rendered":"<p>Aktualizace (Upgrade) ke sta\u017een\u00ed: Aktualizace ukon\u010deny k 1.3.2025 Zp\u011bt na Novinky<\/p>\n","protected":false},"author":1,"featured_media":0,"parent":0,"menu_order":0,"comment_status":"closed","ping_status":"closed","template":"","meta":{"footnotes":""},"class_list":["post-752","page","type-page","status-publish","hentry"],"_links":{"self":[{"href":"https:\/\/www.karto-k.eu\/index.php?rest_route=\/wp\/v2\/pages\/752","targetHints":{"allow":["GET"]}}],"collection":[{"href":"https:\/\/www.karto-k.eu\/index.php?rest_route=\/wp\/v2\/pages"}],"about":[{"href":"https:\/\/www.karto-k.eu\/index.php?rest_route=\/wp\/v2\/types\/page"}],"author":[{"embeddable":true,"href":"https:\/\/www.karto-k.eu\/index.php?rest_route=\/wp\/v2\/users\/1"}],"replies":[{"embeddable":true,"href":"https:\/\/www.karto-k.eu\/index.php?rest_route=%2Fwp%2Fv2%2Fcomments&post=752"}],"version-history":[{"count":15,"href":"https:\/\/www.karto-k.eu\/index.php?rest_route=\/wp\/v2\/pages\/752\/revisions"}],"predecessor-version":[{"id":861,"href":"https:\/\/www.karto-k.eu\/index.php?rest_route=\/wp\/v2\/pages\/752\/revisions\/861"}],"wp:attachment":[{"href":"https:\/\/www.karto-k.eu\/index.php?rest_route=%2Fwp%2Fv2%2Fmedia&parent=752"}],"curies":[{"name":"wp","href":"https:\/\/api.w.org\/{rel}","templated":true}]}}