{"id":544,"date":"2021-08-09T13:13:00","date_gmt":"2021-08-09T13:13:00","guid":{"rendered":"https:\/\/www.karto-k.eu\/?page_id=544"},"modified":"2024-04-02T14:03:49","modified_gmt":"2024-04-02T14:03:49","slug":"kartoteka-platidel-on-line","status":"publish","type":"page","link":"https:\/\/www.karto-k.eu\/?page_id=544","title":{"rendered":"On line"},"content":{"rendered":"\n<p><a href=\"http:\/\/kartotekaplatidel.eu\" data-type=\"URL\" data-id=\"kartotekaplatidel.eu\" target=\"_blank\" rel=\"noreferrer noopener\"><mark style=\"background-color:#00d084\" class=\"has-inline-color has-black-color\"><strong>P\u0159ihl\u00e1\u0161en\u00ed &#8211; login<\/strong><\/mark><\/a><\/p>\n\n\n\n<p>Kliknut\u00edm na v\u00fd\u0161e uveden\u00fd odkaz se V\u00e1m otev\u0159e v nov\u00e9m okn\u011b p\u0159ihla\u0161ovac\u00ed obrazovka do Kartot\u00e9ky platidel online.<\/p>\n\n\n\n<p>Pokud chcete pouze vyzkou\u0161et Kartot\u00e9ku platidel, vy\u017e\u00e1dejte si p\u0159\u00edstupov\u00e9 \u00fadaje pro bezplatn\u00e9 vyzkou\u0161en\u00ed <a href=\"https:\/\/www.karto-k.eu\/?page_id=20\">zde.<\/a><\/p>\n\n\n\n<p><a href=\"https:\/\/www.karto-k.eu\/?page_id=547\" data-type=\"page\" data-id=\"547\">Obsah &#8211; seznam st\u00e1t\u016f a varianty licenc\u00ed<\/a><\/p>\n\n\n\n<p><a href=\"https:\/\/www.karto-k.eu\/?page_id=20\">Objedn\u00e1n\u00ed licence<\/a><\/p>\n\n\n\n<p>Zp\u011bt na <a href=\"https:\/\/www.karto-k.eu\/?page_id=21\" data-type=\"link\" data-id=\"https:\/\/www.karto-k.eu\/?page_id=21\">Novinky<\/a><\/p>\n","protected":false},"excerpt":{"rendered":"<p>P\u0159ihl\u00e1\u0161en\u00ed &#8211; login Kliknut\u00edm na v\u00fd\u0161e uveden\u00fd odkaz se V\u00e1m otev\u0159e v nov\u00e9m okn\u011b p\u0159ihla\u0161ovac\u00ed obrazovka do Kartot\u00e9ky platidel online. Pokud chcete pouze vyzkou\u0161et Kartot\u00e9ku platidel, vy\u017e\u00e1dejte si p\u0159\u00edstupov\u00e9 \u00fadaje pro bezplatn\u00e9 vyzkou\u0161en\u00ed zde. Obsah &#8211; seznam st\u00e1t\u016f a varianty licenc\u00ed Objedn\u00e1n\u00ed licence Zp\u011bt na Novinky<\/p>\n","protected":false},"author":1,"featured_media":0,"parent":0,"menu_order":0,"comment_status":"closed","ping_status":"closed","template":"","meta":{"footnotes":""},"class_list":["post-544","page","type-page","status-publish","hentry"],"_links":{"self":[{"href":"https:\/\/www.karto-k.eu\/index.php?rest_route=\/wp\/v2\/pages\/544","targetHints":{"allow":["GET"]}}],"collection":[{"href":"https:\/\/www.karto-k.eu\/index.php?rest_route=\/wp\/v2\/pages"}],"about":[{"href":"https:\/\/www.karto-k.eu\/index.php?rest_route=\/wp\/v2\/types\/page"}],"author":[{"embeddable":true,"href":"https:\/\/www.karto-k.eu\/index.php?rest_route=\/wp\/v2\/users\/1"}],"replies":[{"embeddable":true,"href":"https:\/\/www.karto-k.eu\/index.php?rest_route=%2Fwp%2Fv2%2Fcomments&post=544"}],"version-history":[{"count":12,"href":"https:\/\/www.karto-k.eu\/index.php?rest_route=\/wp\/v2\/pages\/544\/revisions"}],"predecessor-version":[{"id":812,"href":"https:\/\/www.karto-k.eu\/index.php?rest_route=\/wp\/v2\/pages\/544\/revisions\/812"}],"wp:attachment":[{"href":"https:\/\/www.karto-k.eu\/index.php?rest_route=%2Fwp%2Fv2%2Fmedia&parent=544"}],"curies":[{"name":"wp","href":"https:\/\/api.w.org\/{rel}","templated":true}]}}