{"id":394,"date":"2020-02-14T07:41:23","date_gmt":"2020-02-14T07:41:23","guid":{"rendered":"https:\/\/www.karto-k.eu\/?page_id=394"},"modified":"2021-08-11T12:47:29","modified_gmt":"2021-08-11T12:47:29","slug":"tistena","status":"publish","type":"page","link":"https:\/\/www.karto-k.eu\/?page_id=394","title":{"rendered":"Ti\u0161t\u011bn\u00e1"},"content":{"rendered":"\n<figure class=\"wp-block-table is-style-stripes\"><table class=\"has-light-green-cyan-background-color has-background\"><tbody><tr><td class=\"has-text-align-center\" data-align=\"center\"><strong>Po\u0159ad\u00ed<\/strong><\/td><td><strong>Zem\u011b<\/strong><\/td><td><strong>ISO<\/strong><\/td><td><strong>Bankovky<\/strong><\/td><td><strong>Mince<\/strong><\/td><td><strong>Pozn\u00e1mka<\/strong><\/td><\/tr><tr><td class=\"has-text-align-center\" data-align=\"center\">1<\/td><td>Anglie<\/td><td>GBP<\/td><td>Ano<\/td><td>Ano<\/td><td>obsahuje i pam\u011btn\u00ed mince<\/td><\/tr><tr><td class=\"has-text-align-center\" data-align=\"center\">2<\/td><td>Austr\u00e1lie<\/td><td>AUD<\/td><td>Ano<\/td><td>Ne<\/td><td>&nbsp;<\/td><\/tr><tr><td class=\"has-text-align-center\" data-align=\"center\">3<\/td><td>Bulharsko<\/td><td>BGN<\/td><td>Ano<\/td><td>Ne<\/td><td>&nbsp;<\/td><\/tr><tr><td class=\"has-text-align-center\" data-align=\"center\">4<\/td><td>\u010cesk\u00e1 republika<\/td><td>CZK<\/td><td>Ano<\/td><td>Ano<\/td><td>obsahuje i pam\u011btn\u00ed mince<\/td><\/tr><tr><td class=\"has-text-align-center\" data-align=\"center\">5<\/td><td>D\u00e1nsko<\/td><td>DKK<\/td><td>Ano<\/td><td>Ne<\/td><td>&nbsp;<\/td><\/tr><tr><td class=\"has-text-align-center\" data-align=\"center\">6<\/td><td>Evropsk\u00e1 m\u011bnov\u00e1 unie<\/td><td>EUR<\/td><td>Ano<\/td><td>Ano<\/td><td>obsahuje i pam\u011btn\u00ed ob\u011b\u017en\u00e9 mince *<\/td><\/tr><tr><td class=\"has-text-align-center\" data-align=\"center\">7<\/td><td>Chorvatsko<\/td><td>HRK<\/td><td>Ano<\/td><td>Ano<\/td><td>&nbsp;<\/td><\/tr><tr><td class=\"has-text-align-center\" data-align=\"center\">8<\/td><td>Japonsko<\/td><td>JPY<\/td><td>Ano<\/td><td>Ne<\/td><td>&nbsp;<\/td><\/tr><tr><td class=\"has-text-align-center\" data-align=\"center\">9<\/td><td>Kanada<\/td><td>CAD<\/td><td>Ano<\/td><td>Ne<\/td><td>&nbsp;<\/td><\/tr><tr><td class=\"has-text-align-center\" data-align=\"center\">10<\/td><td>Ma\u010farsko<\/td><td>HUF<\/td><td>Ano<\/td><td>Ne<\/td><td>&nbsp;<\/td><\/tr><tr><td class=\"has-text-align-center\" data-align=\"center\">11<\/td><td>Norsko<\/td><td>NOK<\/td><td>Ano<\/td><td>Ne<\/td><td>&nbsp;<\/td><\/tr><tr><td class=\"has-text-align-center\" data-align=\"center\">12<\/td><td>Nov\u00fd Z\u00e9land<\/td><td>NZD<\/td><td>Ano<\/td><td>Ne<\/td><td>&nbsp;<\/td><\/tr><tr><td class=\"has-text-align-center\" data-align=\"center\">13<\/td><td>Polsko<\/td><td>PLN<\/td><td>Ano<\/td><td>Ne<\/td><td>&nbsp;<\/td><\/tr><tr><td class=\"has-text-align-center\" data-align=\"center\">14<\/td><td>Rumunsko<\/td><td>RON<\/td><td>Ano<\/td><td>Ne<\/td><td>&nbsp;<\/td><\/tr><tr><td class=\"has-text-align-center\" data-align=\"center\">15<\/td><td>\u0160v\u00e9dsko<\/td><td>SEK<\/td><td>Ano<\/td><td>Ne<\/td><td>&nbsp;<\/td><\/tr><tr><td class=\"has-text-align-center\" data-align=\"center\">16<\/td><td>\u0160v\u00fdcarsko<\/td><td>CHF<\/td><td>Ano<\/td><td>Ne<\/td><td>&nbsp;<\/td><\/tr><tr><td class=\"has-text-align-center\" data-align=\"center\">17<\/td><td>Spojen\u00e9 st\u00e1ty americk\u00e9<\/td><td>USD<\/td><td>Ano<\/td><td>Ne<\/td><td>&nbsp;<\/td><\/tr><\/tbody><\/table><figcaption><em>*&nbsp;&nbsp;&nbsp;&nbsp;&nbsp;Ka\u017ed\u00fd st\u00e1t Eurosyst\u00e9mu m\u016f\u017ee zpravidla jednou ro\u010dn\u011b vydat ob\u011b\u017en\u00e9 pam\u011btn\u00ed mince v&nbsp;hodnot\u011b 2&nbsp;EUR. Tyto mince maj\u00ed stejn\u00e9 znaky a&nbsp;vlastnosti jako ostatn\u00ed 2&nbsp;EUR mince, ale li\u0161\u00ed se pam\u011btn\u00edm motivem vyra\u017een\u00fdm na&nbsp;n\u00e1rodn\u00ed stran\u011b. Nomin\u00e1ln\u00ed hodnota ob\u011b\u017en\u00fdch pam\u011btn\u00edch minc\u00ed je v\u017edy 2&nbsp;EUR a&nbsp;tyto mince jsou z\u00e1konn\u00fdm platidlem v&nbsp;cel\u00e9 euroz\u00f3n\u011b. Lze je tedy pou\u017e\u00edvat jako v\u0161echny ostatn\u00ed euromince a&nbsp;jsou tak i&nbsp;p\u0159ij\u00edm\u00e1ny.<\/em><\/figcaption><\/figure>\n\n\n\n<p><a href=\"https:\/\/www.karto-k.eu\/?page_id=21\" data-type=\"page\" data-id=\"21\">Zp\u011bt na Novinky<\/a><\/p>\n","protected":false},"excerpt":{"rendered":"<p>Zp\u011bt na Novinky<\/p>\n","protected":false},"author":1,"featured_media":0,"parent":0,"menu_order":0,"comment_status":"closed","ping_status":"closed","template":"","meta":{"footnotes":""},"class_list":["post-394","page","type-page","status-publish","hentry"],"_links":{"self":[{"href":"https:\/\/www.karto-k.eu\/index.php?rest_route=\/wp\/v2\/pages\/394","targetHints":{"allow":["GET"]}}],"collection":[{"href":"https:\/\/www.karto-k.eu\/index.php?rest_route=\/wp\/v2\/pages"}],"about":[{"href":"https:\/\/www.karto-k.eu\/index.php?rest_route=\/wp\/v2\/types\/page"}],"author":[{"embeddable":true,"href":"https:\/\/www.karto-k.eu\/index.php?rest_route=\/wp\/v2\/users\/1"}],"replies":[{"embeddable":true,"href":"https:\/\/www.karto-k.eu\/index.php?rest_route=%2Fwp%2Fv2%2Fcomments&post=394"}],"version-history":[{"count":13,"href":"https:\/\/www.karto-k.eu\/index.php?rest_route=\/wp\/v2\/pages\/394\/revisions"}],"predecessor-version":[{"id":687,"href":"https:\/\/www.karto-k.eu\/index.php?rest_route=\/wp\/v2\/pages\/394\/revisions\/687"}],"wp:attachment":[{"href":"https:\/\/www.karto-k.eu\/index.php?rest_route=%2Fwp%2Fv2%2Fmedia&parent=394"}],"curies":[{"name":"wp","href":"https:\/\/api.w.org\/{rel}","templated":true}]}}