{"id":316,"date":"2020-02-11T07:45:53","date_gmt":"2020-02-11T07:45:53","guid":{"rendered":"https:\/\/www.karto-k.eu\/?page_id=316"},"modified":"2021-08-09T10:06:01","modified_gmt":"2021-08-09T10:06:01","slug":"d-opakovaci-kurz-pro-smenarniky","status":"publish","type":"page","link":"https:\/\/www.karto-k.eu\/?page_id=316","title":{"rendered":"D &#8211; opakovac\u00ed kurz pro sm\u011bn\u00e1rn\u00edky"},"content":{"rendered":"\n<figure class=\"wp-block-table\"><table><tbody><tr><td>&#8211; m\u011bna: USD a novinky z kurzovn\u00edho l\u00edstku<br>&#8211; d\u00e9lka trv\u00e1n\u00ed 4 vyu\u010dovac\u00ed hodiny<br><br>Kurz o bankovk\u00e1ch a pad\u011blc\u00edch ur\u010den\u00fd pro sm\u011bn\u00e1rn\u00edky bankov\u00fdch a nebankov\u00fdch sm\u011bn\u00e1ren, kte\u0159\u00ed u\u017e v minulosti absolvovali podobn\u00e9 \u0161kolen\u00ed a maj\u00ed z\u00e1jem hlavn\u011b o USD a pad\u011blky USD, jako i o novinky z oblasti nov\u00fdch ochrann\u00fdch prvk\u016f m\u011bn kurzovn\u00edho l\u00edstku a nov\u00fdch typ\u016f pad\u011blk\u016f.<\/td><\/tr><\/tbody><\/table><\/figure>\n\n\n\n<ol class=\"wp-block-list\"><li> Historie platidel USA<\/li><li> Feder\u00e1ln\u00ed rezervn\u00ed syst\u00e9m, n\u00e1le\u017eitosti USD, v\u00fdvoj ochrann\u00fdch prvk\u016f USD<\/li><li> Rozpozn\u00e1v\u00e1n\u00ed pad\u011blk\u016f USD, charakteristiky pad\u011blk\u016f star\u0161\u00edch s\u00e9ri\u00ed a s\u00e9rie 1996<\/li><li> Velmi nebezpe\u010dn\u00e9 pad\u011blky 50 a 100 USD tzv. &#8222;superdolary&#8220;, uk\u00e1zky detail\u016f podle metodiky United States Secret Service detaily<\/li><li> Nov\u00e9 ochrann\u00e9 prvky platidel m\u011bn kurzovn\u00edho l\u00edstku<\/li><li> Technick\u00e1 ochrana platidel a rizika spojen\u00e1 s kontrolou dominantn\u00edch ochrann\u00fdch prvk\u016f<\/li><li> Charakteristiky nejnov\u011bj\u0161\u00edch typ\u016f pad\u011blk\u016f<\/li><\/ol>\n\n\n\n<p> <a href=\"http:\/\/www.karto-k.eu\/?page_id=292\" data-type=\"page\" data-id=\"292\">Zp\u011bt na p\u0159ehled kurz\u016f na rozpozn\u00e1v\u00e1n\u00ed pravosti cenin a identifikaci pad\u011blk\u016f<\/a><\/p>\n","protected":false},"excerpt":{"rendered":"<p>&#8211; m\u011bna: USD a novinky z kurzovn\u00edho l\u00edstku&#8211; d\u00e9lka trv\u00e1n\u00ed 4 vyu\u010dovac\u00ed hodiny Kurz o bankovk\u00e1ch a pad\u011blc\u00edch ur\u010den\u00fd pro sm\u011bn\u00e1rn\u00edky bankov\u00fdch a nebankov\u00fdch sm\u011bn\u00e1ren, kte\u0159\u00ed u\u017e v minulosti absolvovali podobn\u00e9 \u0161kolen\u00ed a maj\u00ed z\u00e1jem hlavn\u011b o USD a pad\u011blky USD, jako i o novinky z oblasti nov\u00fdch ochrann\u00fdch prvk\u016f m\u011bn kurzovn\u00edho l\u00edstku a nov\u00fdch &hellip; <\/p>\n<p class=\"link-more\"><a href=\"https:\/\/www.karto-k.eu\/?page_id=316\" class=\"more-link\">Pokra\u010dovat ve \u010dten\u00ed<span class=\"screen-reader-text\"> &#8222;D &#8211; opakovac\u00ed kurz pro sm\u011bn\u00e1rn\u00edky&#8220;<\/span><\/a><\/p>\n","protected":false},"author":1,"featured_media":0,"parent":0,"menu_order":0,"comment_status":"closed","ping_status":"closed","template":"","meta":{"footnotes":""},"class_list":["post-316","page","type-page","status-publish","hentry"],"_links":{"self":[{"href":"https:\/\/www.karto-k.eu\/index.php?rest_route=\/wp\/v2\/pages\/316","targetHints":{"allow":["GET"]}}],"collection":[{"href":"https:\/\/www.karto-k.eu\/index.php?rest_route=\/wp\/v2\/pages"}],"about":[{"href":"https:\/\/www.karto-k.eu\/index.php?rest_route=\/wp\/v2\/types\/page"}],"author":[{"embeddable":true,"href":"https:\/\/www.karto-k.eu\/index.php?rest_route=\/wp\/v2\/users\/1"}],"replies":[{"embeddable":true,"href":"https:\/\/www.karto-k.eu\/index.php?rest_route=%2Fwp%2Fv2%2Fcomments&post=316"}],"version-history":[{"count":3,"href":"https:\/\/www.karto-k.eu\/index.php?rest_route=\/wp\/v2\/pages\/316\/revisions"}],"predecessor-version":[{"id":533,"href":"https:\/\/www.karto-k.eu\/index.php?rest_route=\/wp\/v2\/pages\/316\/revisions\/533"}],"wp:attachment":[{"href":"https:\/\/www.karto-k.eu\/index.php?rest_route=%2Fwp%2Fv2%2Fmedia&parent=316"}],"curies":[{"name":"wp","href":"https:\/\/api.w.org\/{rel}","templated":true}]}}