{"id":297,"date":"2020-02-11T07:12:51","date_gmt":"2020-02-11T07:12:51","guid":{"rendered":"https:\/\/www.karto-k.eu\/?page_id=297"},"modified":"2021-08-09T10:04:52","modified_gmt":"2021-08-09T10:04:52","slug":"a-zakladni-kurz-pro-pokladniky","status":"publish","type":"page","link":"https:\/\/www.karto-k.eu\/?page_id=297","title":{"rendered":"A &#8211; z\u00e1kladn\u00ed kurz pro pokladn\u00edky"},"content":{"rendered":"\n<figure class=\"wp-block-table\"><table><tbody><tr><td>&#8211; m\u011bna: jen CZK<br>&#8211; d\u00e9lka trv\u00e1n\u00ed 3 vyu\u010dovac\u00ed hodiny<br><br>Z\u00e1kladn\u00ed kurz o bankovk\u00e1ch a pad\u011blc\u00edch ur\u010den\u00fd pro pokladn\u00edky bank, obchod\u016f a jin\u00fdch subjekt\u016f, kte\u0159\u00ed pracuj\u00ed jen s \u010desk\u00fdmi korunami.<\/td><\/tr><\/tbody><\/table><\/figure>\n\n\n\n<ol class=\"wp-block-list\"><li> Technick\u00e9 pom\u016fcky na ov\u011b\u0159ov\u00e1n\u00ed pravosti platidel<\/li><li> Informa\u010dn\u00ed syst\u00e9my o platidlech a pad\u011blc\u00edch<\/li><li> Stupn\u011b nebezpe\u010dnosti pad\u011blk\u016f, statistika pad\u011blk\u016f, postup p\u0159i podez\u0159en\u00ed z p\u0159edlo\u017een\u00ed pad\u011blku<\/li><li> Z\u00e1klady rozpozn\u00e1v\u00e1n\u00ed prav\u00fdch bankovek: ochrann\u00e9 prvky ceninov\u00e9ho pap\u00edru a ceninov\u00e9ho tisku, nov\u00e9 ochrann\u00e9 prvky, zp\u016fsoby odhalen\u00ed pad\u011blk\u016f<\/li><li> Ochrann\u00e9 prvky CZK<\/li><li> Charakteristiky pad\u011blk\u016f CZK<\/li><\/ol>\n\n\n\n<p><a href=\"http:\/\/www.karto-k.eu\/?page_id=292\" data-type=\"page\" data-id=\"292\">Zp\u011bt na p\u0159ehled kurz\u016f na rozpozn\u00e1v\u00e1n\u00ed pravosti cenin a identifikaci pad\u011blk\u016f<\/a><\/p>\n","protected":false},"excerpt":{"rendered":"<p>&#8211; m\u011bna: jen CZK&#8211; d\u00e9lka trv\u00e1n\u00ed 3 vyu\u010dovac\u00ed hodiny Z\u00e1kladn\u00ed kurz o bankovk\u00e1ch a pad\u011blc\u00edch ur\u010den\u00fd pro pokladn\u00edky bank, obchod\u016f a jin\u00fdch subjekt\u016f, kte\u0159\u00ed pracuj\u00ed jen s \u010desk\u00fdmi korunami. Technick\u00e9 pom\u016fcky na ov\u011b\u0159ov\u00e1n\u00ed pravosti platidel Informa\u010dn\u00ed syst\u00e9my o platidlech a pad\u011blc\u00edch Stupn\u011b nebezpe\u010dnosti pad\u011blk\u016f, statistika pad\u011blk\u016f, postup p\u0159i podez\u0159en\u00ed z p\u0159edlo\u017een\u00ed pad\u011blku Z\u00e1klady rozpozn\u00e1v\u00e1n\u00ed prav\u00fdch &hellip; <\/p>\n<p class=\"link-more\"><a href=\"https:\/\/www.karto-k.eu\/?page_id=297\" class=\"more-link\">Pokra\u010dovat ve \u010dten\u00ed<span class=\"screen-reader-text\"> &#8222;A &#8211; z\u00e1kladn\u00ed kurz pro pokladn\u00edky&#8220;<\/span><\/a><\/p>\n","protected":false},"author":1,"featured_media":0,"parent":0,"menu_order":0,"comment_status":"closed","ping_status":"closed","template":"","meta":{"footnotes":""},"class_list":["post-297","page","type-page","status-publish","hentry"],"_links":{"self":[{"href":"https:\/\/www.karto-k.eu\/index.php?rest_route=\/wp\/v2\/pages\/297","targetHints":{"allow":["GET"]}}],"collection":[{"href":"https:\/\/www.karto-k.eu\/index.php?rest_route=\/wp\/v2\/pages"}],"about":[{"href":"https:\/\/www.karto-k.eu\/index.php?rest_route=\/wp\/v2\/types\/page"}],"author":[{"embeddable":true,"href":"https:\/\/www.karto-k.eu\/index.php?rest_route=\/wp\/v2\/users\/1"}],"replies":[{"embeddable":true,"href":"https:\/\/www.karto-k.eu\/index.php?rest_route=%2Fwp%2Fv2%2Fcomments&post=297"}],"version-history":[{"count":6,"href":"https:\/\/www.karto-k.eu\/index.php?rest_route=\/wp\/v2\/pages\/297\/revisions"}],"predecessor-version":[{"id":530,"href":"https:\/\/www.karto-k.eu\/index.php?rest_route=\/wp\/v2\/pages\/297\/revisions\/530"}],"wp:attachment":[{"href":"https:\/\/www.karto-k.eu\/index.php?rest_route=%2Fwp%2Fv2%2Fmedia&parent=297"}],"curies":[{"name":"wp","href":"https:\/\/api.w.org\/{rel}","templated":true}]}}