{"id":292,"date":"2020-02-11T07:02:34","date_gmt":"2020-02-11T07:02:34","guid":{"rendered":"https:\/\/www.karto-k.eu\/?page_id=292"},"modified":"2021-08-09T10:10:30","modified_gmt":"2021-08-09T10:10:30","slug":"kurzy-na-rozpoznavani-pravosti-cenin-a-identifikaci-padelku","status":"publish","type":"page","link":"https:\/\/www.karto-k.eu\/?page_id=292","title":{"rendered":"Kurzy na rozpozn\u00e1v\u00e1n\u00ed pravosti cenin a identifikaci pad\u011blk\u016f"},"content":{"rendered":"\n<figure class=\"wp-block-table\"><table><tbody><tr><td>Spole\u010dnost KARTO K spol. s r.o. po\u0159\u00e1d\u00e1 tyto standardn\u00ed kurzy:<br><br><a href=\"http:\/\/www.karto-k.eu\/?page_id=297\" data-type=\"page\" data-id=\"297\">A &#8211; z\u00e1kladn\u00ed kurz pro pokladn\u00edky<\/a><br>&#8211; <em>m\u011bna: jen CZK<br>   d\u00e9lka trv\u00e1n\u00ed 3 vyu\u010dovac\u00ed hodiny<\/em><br><br><a href=\"http:\/\/www.karto-k.eu\/?page_id=308\" data-type=\"page\" data-id=\"308\">B &#8211; z\u00e1kladn\u00ed kurz pro sm\u011bn\u00e1rn\u00edky<\/a><br>&#8211; <em>m\u011bna: kurzovn\u00ed l\u00edstek (mimo USD)<br>   d\u00e9lka trv\u00e1n\u00ed 5 vyu\u010dovac\u00edch hodin<\/em><br><br><a href=\"http:\/\/www.karto-k.eu\/?page_id=312\" data-type=\"page\" data-id=\"312\">C &#8211; speci\u00e1ln\u00ed kurz pro sm\u011bn\u00e1rn\u00edky<\/a><br>&#8211; <em>m\u011bna: pouze USD<br>   d\u00e9lka trv\u00e1n\u00ed 6 vyu\u010dovac\u00edch hodin<\/em><br><br><a href=\"http:\/\/www.karto-k.eu\/?page_id=316\" data-type=\"page\" data-id=\"316\">D &#8211; opakovac\u00ed kurz pro sm\u011bn\u00e1rn\u00edky<\/a><br>&#8211; <em>m\u011bna: USD a novinky z kurzovn\u00edho l\u00edstku<\/em><br>   <em>d\u00e9lka trv\u00e1n\u00ed 4 vyu\u010dovac\u00ed hodiny<\/em><br><br><a href=\"http:\/\/www.karto-k.eu\/?page_id=320\" data-type=\"page\" data-id=\"320\">E &#8211; dopl\u0148kov\u00fd kurz pro sm\u011bn\u00e1rn\u00edky<\/a><br>&#8211; <em>cestovn\u00ed \u0161eky<br>   d\u00e9lka trv\u00e1n\u00ed 3 vyu\u010dovac\u00ed hodiny<\/em><br><br><a href=\"http:\/\/www.karto-k.eu\/?page_id=324\" data-type=\"page\" data-id=\"324\">O &#8211; kurz osobn\u00ed doklady<\/a><br>\u2013 <em>pravost osobn\u00edch a cestovn\u00edch doklad\u016f<br>   d\u00e9lka trv\u00e1n\u00ed 5 vyu\u010dovac\u00edch hodin<\/em><\/td><\/tr><\/tbody><\/table><\/figure>\n\n\n\n<figure class=\"wp-block-table\"><table class=\"\" style=\"text-align: justify;\"><tbody><tr><td>Pokud m\u00e1te z\u00e1jem o \u00fa\u010dast na na\u0161em \u0161kolen\u00ed, je mo\u017en\u00e9 objedn\u00e1n\u00ed prov\u00e9st takto:<\/td><\/tr><\/tbody><\/table><\/figure>\n\n\n\n<ol class=\"wp-block-list\"><li> p\u00edsemn\u00e1 b\u011b\u017en\u00e1 objedn\u00e1vka po\u0161tou <a href=\"http:\/\/www.karto-k.eu\/?page_id=20\" data-type=\"page\" data-id=\"20\">(adresa)\u00a0nebo emailem<\/a>.<\/li><li> <a rel=\"noreferrer noopener\" aria-label=\"p\u0159ihl\u00e1\u0161kov\u00fd formul\u00e1\u0159 (otev\u0159e se na nov\u00e9 z\u00e1lo\u017ece)\" href=\"http:\/\/www.karto-k.eu\/wp-content\/uploads\/2020\/02\/prihlaska.doc\" target=\"_blank\">p\u0159ihl\u00e1\u0161kov\u00fd formul\u00e1\u0159<\/a> po\u0161tou <a href=\"http:\/\/www.karto-k.eu\/?page_id=20\" data-type=\"page\" data-id=\"20\">(adresa) nebo emailem<\/a><\/li><\/ol>\n\n\n\n<figure class=\"wp-block-table\"><table><tbody><tr><td><\/td><\/tr><\/tbody><\/table><\/figure>\n","protected":false},"excerpt":{"rendered":"<p>Spole\u010dnost KARTO K spol. s r.o. po\u0159\u00e1d\u00e1 tyto standardn\u00ed kurzy: A &#8211; z\u00e1kladn\u00ed kurz pro pokladn\u00edky&#8211; m\u011bna: jen CZK d\u00e9lka trv\u00e1n\u00ed 3 vyu\u010dovac\u00ed hodiny B &#8211; z\u00e1kladn\u00ed kurz pro sm\u011bn\u00e1rn\u00edky&#8211; m\u011bna: kurzovn\u00ed l\u00edstek (mimo USD) d\u00e9lka trv\u00e1n\u00ed 5 vyu\u010dovac\u00edch hodin C &#8211; speci\u00e1ln\u00ed kurz pro sm\u011bn\u00e1rn\u00edky&#8211; m\u011bna: pouze USD d\u00e9lka trv\u00e1n\u00ed 6 vyu\u010dovac\u00edch hodin D &hellip; <\/p>\n<p class=\"link-more\"><a href=\"https:\/\/www.karto-k.eu\/?page_id=292\" class=\"more-link\">Pokra\u010dovat ve \u010dten\u00ed<span class=\"screen-reader-text\"> &#8222;Kurzy na rozpozn\u00e1v\u00e1n\u00ed pravosti cenin a identifikaci pad\u011blk\u016f&#8220;<\/span><\/a><\/p>\n","protected":false},"author":1,"featured_media":0,"parent":0,"menu_order":0,"comment_status":"closed","ping_status":"closed","template":"","meta":{"footnotes":""},"class_list":["post-292","page","type-page","status-publish","hentry"],"_links":{"self":[{"href":"https:\/\/www.karto-k.eu\/index.php?rest_route=\/wp\/v2\/pages\/292","targetHints":{"allow":["GET"]}}],"collection":[{"href":"https:\/\/www.karto-k.eu\/index.php?rest_route=\/wp\/v2\/pages"}],"about":[{"href":"https:\/\/www.karto-k.eu\/index.php?rest_route=\/wp\/v2\/types\/page"}],"author":[{"embeddable":true,"href":"https:\/\/www.karto-k.eu\/index.php?rest_route=\/wp\/v2\/users\/1"}],"replies":[{"embeddable":true,"href":"https:\/\/www.karto-k.eu\/index.php?rest_route=%2Fwp%2Fv2%2Fcomments&post=292"}],"version-history":[{"count":16,"href":"https:\/\/www.karto-k.eu\/index.php?rest_route=\/wp\/v2\/pages\/292\/revisions"}],"predecessor-version":[{"id":536,"href":"https:\/\/www.karto-k.eu\/index.php?rest_route=\/wp\/v2\/pages\/292\/revisions\/536"}],"wp:attachment":[{"href":"https:\/\/www.karto-k.eu\/index.php?rest_route=%2Fwp%2Fv2%2Fmedia&parent=292"}],"curies":[{"name":"wp","href":"https:\/\/api.w.org\/{rel}","templated":true}]}}