{"id":28,"date":"2020-02-09T15:27:13","date_gmt":"2020-02-09T15:27:13","guid":{"rendered":"https:\/\/www.karto-k.eu\/?page_id=28"},"modified":"2026-01-30T08:28:12","modified_gmt":"2026-01-30T08:28:12","slug":"odborne-kurzy","status":"publish","type":"page","link":"https:\/\/www.karto-k.eu\/?page_id=28","title":{"rendered":"Odborn\u00e9 kurzy"},"content":{"rendered":"\n<p><a href=\"http:\/\/www.karto-k.eu\/?page_id=95\" data-type=\"page\" data-id=\"95\">Dle z\u00e1kona \u010d. 136\/2011 Sb.<\/a><\/p>\n\n\n\n<p><a href=\"http:\/\/www.karto-k.eu\/?page_id=176\" data-type=\"page\" data-id=\"176\">Kurzy na pravost cenin<\/a><\/p>\n\n\n\n<p>Bli\u017e\u0161\u00ed informace a objedn\u00e1vky:<\/p>\n\n\n\n<pre class=\"wp-block-preformatted\">office(zavin\u00e1\u010d)karto-k.cz          tel.(mobil): +420 730 667 556<\/pre>\n","protected":false},"excerpt":{"rendered":"<p>Dle z\u00e1kona \u010d. 136\/2011 Sb. Kurzy na pravost cenin Bli\u017e\u0161\u00ed informace a objedn\u00e1vky: office(zavin\u00e1\u010d)karto-k.cz tel.(mobil): +420 730 667 556<\/p>\n","protected":false},"author":1,"featured_media":56,"parent":0,"menu_order":0,"comment_status":"closed","ping_status":"closed","template":"","meta":{"footnotes":""},"class_list":["post-28","page","type-page","status-publish","has-post-thumbnail","hentry"],"_links":{"self":[{"href":"https:\/\/www.karto-k.eu\/index.php?rest_route=\/wp\/v2\/pages\/28","targetHints":{"allow":["GET"]}}],"collection":[{"href":"https:\/\/www.karto-k.eu\/index.php?rest_route=\/wp\/v2\/pages"}],"about":[{"href":"https:\/\/www.karto-k.eu\/index.php?rest_route=\/wp\/v2\/types\/page"}],"author":[{"embeddable":true,"href":"https:\/\/www.karto-k.eu\/index.php?rest_route=\/wp\/v2\/users\/1"}],"replies":[{"embeddable":true,"href":"https:\/\/www.karto-k.eu\/index.php?rest_route=%2Fwp%2Fv2%2Fcomments&post=28"}],"version-history":[{"count":11,"href":"https:\/\/www.karto-k.eu\/index.php?rest_route=\/wp\/v2\/pages\/28\/revisions"}],"predecessor-version":[{"id":935,"href":"https:\/\/www.karto-k.eu\/index.php?rest_route=\/wp\/v2\/pages\/28\/revisions\/935"}],"wp:featuredmedia":[{"embeddable":true,"href":"https:\/\/www.karto-k.eu\/index.php?rest_route=\/wp\/v2\/media\/56"}],"wp:attachment":[{"href":"https:\/\/www.karto-k.eu\/index.php?rest_route=%2Fwp%2Fv2%2Fmedia&parent=28"}],"curies":[{"name":"wp","href":"https:\/\/api.w.org\/{rel}","templated":true}]}}