{"id":233,"date":"2020-02-10T14:59:56","date_gmt":"2020-02-10T14:59:56","guid":{"rendered":"https:\/\/www.karto-k.eu\/?page_id=233"},"modified":"2021-08-10T09:44:28","modified_gmt":"2021-08-10T09:44:28","slug":"prihlasovaci-podminky","status":"publish","type":"page","link":"https:\/\/www.karto-k.eu\/?page_id=233","title":{"rendered":"P\u0159ihla\u0161ovac\u00ed podm\u00ednky"},"content":{"rendered":"\n<figure class=\"wp-block-table\"><table><tbody><tr><td>je v\u017edy postupov\u00e1no dle dokumentu <a rel=\"noreferrer noopener\" aria-label=\"\u201eP\u0159ihla\u0161ovac\u00ed podm\u00ednky kurz\u016f o&nbsp;rozpozn\u00e1v\u00e1n\u00ed bankovek a&nbsp;minc\u00ed podez\u0159el\u00fdch z&nbsp;pad\u011bl\u00e1n\u00ed nebo pozm\u011b\u0148ov\u00e1n\u00ed - kurzy dle \u00a7&nbsp;33, odst.&nbsp;3, p\u00edsm.&nbsp;c), z\u00e1kona \u010d.&nbsp;136\/2011&nbsp;Sb.\u201c (otev\u0159e se na nov\u00e9 z\u00e1lo\u017ece)\" href=\"http:\/\/www.karto-k.eu\/wp-content\/uploads\/2020\/02\/P\u0159ihla\u0161ovac\u00ed_podm\u00ednky_kurz\u016f_136_2011.pdf\" target=\"_blank\">\u201eP\u0159ihla\u0161ovac\u00ed podm\u00ednky kurz\u016f o&nbsp;rozpozn\u00e1v\u00e1n\u00ed bankovek a&nbsp;minc\u00ed podez\u0159el\u00fdch z&nbsp;pad\u011bl\u00e1n\u00ed nebo pozm\u011b\u0148ov\u00e1n\u00ed &#8211; kurzy dle \u00a7&nbsp;33, odst.&nbsp;3, p\u00edsm.&nbsp;c), z\u00e1kona \u010d.&nbsp;136\/2011&nbsp;Sb.\u201c<\/a><br><br>Pro p\u0159ihl\u00e1\u0161en\u00ed \u00fa\u010dastn\u00edka&nbsp;(-\u016f) vypl\u0148te pros\u00edm:<br><br> &#8211;&nbsp;<a rel=\"noreferrer noopener\" aria-label=\" (otev\u0159e se na nov\u00e9 z\u00e1lo\u017ece)\" href=\"http:\/\/www.karto-k.eu\/wp-content\/uploads\/2020\/02\/FO_KA_1.pdf\" target=\"_blank\">\u017e\u00e1dost o&nbsp;za\u0159azen\u00ed osob&nbsp;(-y) do&nbsp;kurzu<\/a>&nbsp;ve form\u00e1tu PDF<br>   &nbsp;nebo<br> &#8211; <a rel=\"noreferrer noopener\" aria-label=\" (otev\u0159e se na nov\u00e9 z\u00e1lo\u017ece)\" href=\"http:\/\/www.karto-k.eu\/wp-content\/uploads\/2020\/02\/FO_KA_1.doc\" target=\"_blank\">\u017e\u00e1dost o&nbsp;za\u0159azen\u00ed osob&nbsp;(-y) do&nbsp;kurzu<\/a>&nbsp;ve form\u00e1tu&nbsp;DOC<br><br>&nbsp;a&nbsp;postupujte dle <a rel=\"noreferrer noopener\" aria-label=\" (otev\u0159e se na nov\u00e9 z\u00e1lo\u017ece)\" href=\"http:\/\/www.karto-k.eu\/wp-content\/uploads\/2020\/02\/Pokyny-pro-vypln\u011bn\u00ed-\u017e\u00e1dosti-o-za\u0159azen\u00ed-do-kurzu.pdf\" target=\"_blank\">pokyn\u016f pro vypln\u011bn\u00ed \u017e\u00e1dosti o&nbsp;za\u0159azen\u00ed do&nbsp;kurzu<\/a>.<\/td><\/tr><\/tbody><\/table><\/figure>\n\n\n\n<p><a href=\"https:\/\/www.karto-k.eu\/?page_id=103\" data-type=\"page\" data-id=\"103\">Zp\u011bt na Organizace kurz\u016f<\/a><\/p>\n","protected":false},"excerpt":{"rendered":"<p>je v\u017edy postupov\u00e1no dle dokumentu \u201eP\u0159ihla\u0161ovac\u00ed podm\u00ednky kurz\u016f o&nbsp;rozpozn\u00e1v\u00e1n\u00ed bankovek a&nbsp;minc\u00ed podez\u0159el\u00fdch z&nbsp;pad\u011bl\u00e1n\u00ed nebo pozm\u011b\u0148ov\u00e1n\u00ed &#8211; kurzy dle \u00a7&nbsp;33, odst.&nbsp;3, p\u00edsm.&nbsp;c), z\u00e1kona \u010d.&nbsp;136\/2011&nbsp;Sb.\u201c Pro p\u0159ihl\u00e1\u0161en\u00ed \u00fa\u010dastn\u00edka&nbsp;(-\u016f) vypl\u0148te pros\u00edm: &#8211;&nbsp;\u017e\u00e1dost o&nbsp;za\u0159azen\u00ed osob&nbsp;(-y) do&nbsp;kurzu&nbsp;ve form\u00e1tu PDF &nbsp;nebo &#8211; \u017e\u00e1dost o&nbsp;za\u0159azen\u00ed osob&nbsp;(-y) do&nbsp;kurzu&nbsp;ve form\u00e1tu&nbsp;DOC &nbsp;a&nbsp;postupujte dle pokyn\u016f pro vypln\u011bn\u00ed \u017e\u00e1dosti o&nbsp;za\u0159azen\u00ed do&nbsp;kurzu. Zp\u011bt na Organizace kurz\u016f<\/p>\n","protected":false},"author":1,"featured_media":0,"parent":0,"menu_order":0,"comment_status":"closed","ping_status":"closed","template":"","meta":{"footnotes":""},"class_list":["post-233","page","type-page","status-publish","hentry"],"_links":{"self":[{"href":"https:\/\/www.karto-k.eu\/index.php?rest_route=\/wp\/v2\/pages\/233","targetHints":{"allow":["GET"]}}],"collection":[{"href":"https:\/\/www.karto-k.eu\/index.php?rest_route=\/wp\/v2\/pages"}],"about":[{"href":"https:\/\/www.karto-k.eu\/index.php?rest_route=\/wp\/v2\/types\/page"}],"author":[{"embeddable":true,"href":"https:\/\/www.karto-k.eu\/index.php?rest_route=\/wp\/v2\/users\/1"}],"replies":[{"embeddable":true,"href":"https:\/\/www.karto-k.eu\/index.php?rest_route=%2Fwp%2Fv2%2Fcomments&post=233"}],"version-history":[{"count":7,"href":"https:\/\/www.karto-k.eu\/index.php?rest_route=\/wp\/v2\/pages\/233\/revisions"}],"predecessor-version":[{"id":570,"href":"https:\/\/www.karto-k.eu\/index.php?rest_route=\/wp\/v2\/pages\/233\/revisions\/570"}],"wp:attachment":[{"href":"https:\/\/www.karto-k.eu\/index.php?rest_route=%2Fwp%2Fv2%2Fmedia&parent=233"}],"curies":[{"name":"wp","href":"https:\/\/api.w.org\/{rel}","templated":true}]}}