{"id":21,"date":"2025-03-01T14:39:05","date_gmt":"2025-03-01T14:39:05","guid":{"rendered":"https:\/\/www.karto-k.eu\/?page_id=21"},"modified":"2026-01-30T08:23:46","modified_gmt":"2026-01-30T08:23:46","slug":"blog","status":"publish","type":"page","link":"https:\/\/www.karto-k.eu\/?page_id=21","title":{"rendered":"Novinky"},"content":{"rendered":"\n<p class=\"has-medium-font-size\">Kartot\u00e9ka platidel<strong> <a href=\"https:\/\/www.karto-k.eu\/?page_id=544\" data-type=\"page\" data-id=\"544\">On line<\/a> <\/strong>&#8211; aktualizace k:<\/p>\n\n\n\n<ul class=\"wp-block-list\">\n<li>26.1.2026 &#8211; EUR &#8211;\n\n<br>ob\u011b\u017en\u00e1 mince<mark style=\"background-color:rgba(0, 0, 0, 0)\" class=\"has-inline-color has-vivid-red-color\">&nbsp;<\/mark><a href=\"https:\/\/www.kartotekaplatidel.eu\/nominal\/2180\" target=\"_blank\" rel=\"noreferrer noopener\"><mark style=\"background-color:rgba(0, 0, 0, 0)\" class=\"has-inline-color has-vivid-red-color\">1 eurocent MON s\u00e9rie III<\/mark><\/a>\n\n<br>ob\u011b\u017en\u00e1 mince&nbsp;<a href=\"https:\/\/www.kartotekaplatidel.eu\/nominal\/2181\" target=\"_blank\" rel=\"noreferrer noopener\"><mark style=\"background-color:rgba(0, 0, 0, 0)\" class=\"has-inline-color has-vivid-red-color\">2 eurocent MON s\u00e9rie III<\/mark><\/a>\n\n<br>ob\u011b\u017en\u00e1 mince&nbsp;<a href=\"https:\/\/www.kartotekaplatidel.eu\/nominal\/2182\" target=\"_blank\" rel=\"noreferrer noopener\"><mark style=\"background-color:rgba(0, 0, 0, 0)\" class=\"has-inline-color has-vivid-red-color\">5 eurocent MON s\u00e9rie III<\/mark><\/a>\n\n<br>ob\u011b\u017en\u00e1 mince&nbsp;<a href=\"https:\/\/www.kartotekaplatidel.eu\/nominal\/2183\" target=\"_blank\" rel=\"noreferrer noopener\"><mark style=\"background-color:rgba(0, 0, 0, 0)\" class=\"has-inline-color has-vivid-red-color\">10 eurocent MON s\u00e9rie III<\/mark><\/a>\n\n<br>ob\u011b\u017en\u00e1 mince&nbsp;<a href=\"https:\/\/www.kartotekaplatidel.eu\/nominal\/2184\" target=\"_blank\" rel=\"noreferrer noopener\"><mark style=\"background-color:rgba(0, 0, 0, 0)\" class=\"has-inline-color has-vivid-red-color\">20 eurocent MON s\u00e9rie III<\/mark><\/a>\n\n<br>ob\u011b\u017en\u00e1 mince&nbsp;<a href=\"https:\/\/www.kartotekaplatidel.eu\/nominal\/2185\" target=\"_blank\" rel=\"noreferrer noopener\"><mark style=\"background-color:rgba(0, 0, 0, 0)\" class=\"has-inline-color has-vivid-red-color\">50 eurocent MON s\u00e9rie III<\/mark><\/a>\n\n<br>ob\u011b\u017en\u00e1 mince&nbsp;<a href=\"https:\/\/www.kartotekaplatidel.eu\/nominal\/2186\" target=\"_blank\" rel=\"noreferrer noopener\"><mark style=\"background-color:rgba(0, 0, 0, 0)\" class=\"has-inline-color has-vivid-red-color\">1 EUR MON s\u00e9rie III<\/mark><\/a>\n\n<br>ob\u011b\u017en\u00e1 mince&nbsp;<a href=\"https:\/\/www.kartotekaplatidel.eu\/nominal\/2187\" target=\"_blank\" rel=\"noreferrer noopener\"><mark style=\"background-color:rgba(0, 0, 0, 0)\" class=\"has-inline-color has-vivid-red-color\">2 EUR MON s\u00e9rie III<\/mark><\/a><\/li>\n\n\n\n<li>23.1.2026 &#8211; EUR &#8211; \n<br>pam\u011btn\u00ed ob\u011b\u017en\u00e1 mince<mark style=\"background-color:rgba(0, 0, 0, 0)\" class=\"has-inline-color has-vivid-red-color\">&nbsp;<\/mark><a href=\"https:\/\/www.kartotekaplatidel.eu\/nominal\/2168\" target=\"_blank\" rel=\"noreferrer noopener\"><mark style=\"background-color:rgba(0, 0, 0, 0)\" class=\"has-inline-color has-vivid-red-color\">2 EUR AND 2025 I<\/mark><\/a>\n\n<br>pam\u011btn\u00ed ob\u011b\u017en\u00e1 mince&nbsp;<a href=\"https:\/\/www.kartotekaplatidel.eu\/nominal\/2169\" target=\"_blank\" rel=\"noreferrer noopener\"><mark style=\"background-color:rgba(0, 0, 0, 0)\" class=\"has-inline-color has-vivid-red-color\">2 EUR AND 2025 II<\/mark><\/a>\n\n<br>pam\u011btn\u00ed ob\u011b\u017en\u00e1 mince<mark style=\"background-color:rgba(0, 0, 0, 0)\" class=\"has-inline-color has-vivid-red-color\">&nbsp;<\/mark><a href=\"https:\/\/www.kartotekaplatidel.eu\/nominal\/2170\" target=\"_blank\" rel=\"noreferrer noopener\"><mark style=\"background-color:rgba(0, 0, 0, 0)\" class=\"has-inline-color has-vivid-red-color\">2 EUR BEF 2025 II<\/mark><\/a>\n\n<br>pam\u011btn\u00ed ob\u011b\u017en\u00e1 mince&nbsp;<a href=\"https:\/\/www.kartotekaplatidel.eu\/nominal\/2171\" target=\"_blank\" rel=\"noreferrer noopener\"><mark style=\"background-color:rgba(0, 0, 0, 0)\" class=\"has-inline-color has-vivid-red-color\">2 EUR EST 2025<\/mark><\/a>\n\n<br>pam\u011btn\u00ed ob\u011b\u017en\u00e1 mince<mark style=\"background-color:rgba(0, 0, 0, 0)\" class=\"has-inline-color has-vivid-red-color\">&nbsp;<\/mark><a href=\"https:\/\/www.kartotekaplatidel.eu\/nominal\/2172\" target=\"_blank\" rel=\"noreferrer noopener\"><mark style=\"background-color:rgba(0, 0, 0, 0)\" class=\"has-inline-color has-vivid-red-color\">2 EUR FIM 2025&nbsp;II<\/mark><\/a>\n\n<br>pam\u011btn\u00ed ob\u011b\u017en\u00e1 mince&nbsp;<a href=\"https:\/\/www.kartotekaplatidel.eu\/nominal\/2173\" target=\"_blank\" rel=\"noreferrer noopener\"><mark style=\"background-color:rgba(0, 0, 0, 0)\" class=\"has-inline-color has-vivid-red-color\">2 EUR FRF 2025&nbsp;II<\/mark><\/a>\n\n<br>pam\u011btn\u00ed ob\u011b\u017en\u00e1 mince&nbsp;<a href=\"https:\/\/www.kartotekaplatidel.eu\/nominal\/2174\" target=\"_blank\" rel=\"noreferrer noopener\"><mark style=\"background-color:rgba(0, 0, 0, 0)\" class=\"has-inline-color has-vivid-red-color\">2 EUR HRK 2025&nbsp;I<\/mark><\/a>\n\n<br>pam\u011btn\u00ed ob\u011b\u017en\u00e1 mince&nbsp;<a href=\"https:\/\/www.kartotekaplatidel.eu\/nominal\/2175\" target=\"_blank\" rel=\"noreferrer noopener\"><mark style=\"background-color:rgba(0, 0, 0, 0)\" class=\"has-inline-color has-vivid-red-color\">2 EUR HRK 2025 II<\/mark><\/a>\n\n<br>pam\u011btn\u00ed ob\u011b\u017en\u00e1 mince&nbsp;<a href=\"https:\/\/www.kartotekaplatidel.eu\/nominal\/2176\" target=\"_blank\" rel=\"noreferrer noopener\"><mark style=\"background-color:rgba(0, 0, 0, 0)\" class=\"has-inline-color has-vivid-red-color\">2 EUR LTL 2025 II<\/mark><\/a>\n\n<br>pam\u011btn\u00ed ob\u011b\u017en\u00e1 mince&nbsp;<a href=\"https:\/\/www.kartotekaplatidel.eu\/nominal\/2177\" target=\"_blank\" rel=\"noreferrer noopener\"><mark style=\"background-color:rgba(0, 0, 0, 0)\" class=\"has-inline-color has-vivid-red-color\">2 EUR GRD 2025 I<\/mark><\/a>\n\n<br>pam\u011btn\u00ed ob\u011b\u017en\u00e1 mince&nbsp;<a href=\"https:\/\/www.kartotekaplatidel.eu\/nominal\/2178\" target=\"_blank\" rel=\"noreferrer noopener\"><mark style=\"background-color:rgba(0, 0, 0, 0)\" class=\"has-inline-color has-vivid-red-color\">2 EUR GRD 2025 II<\/mark><\/a>\n\n<br>pam\u011btn\u00ed ob\u011b\u017en\u00e1 mince&nbsp;<a href=\"https:\/\/www.kartotekaplatidel.eu\/nominal\/2179\" target=\"_blank\" rel=\"noreferrer noopener\"><mark style=\"background-color:rgba(0, 0, 0, 0)\" class=\"has-inline-color has-vivid-red-color\">2 EUR SIT 2025<\/mark><\/a><\/li>\n\n\n\n<li>21.1.2026 &#8211; CZK pam\u011btn\u00ed bankovka&nbsp;<a href=\"https:\/\/www.kartotekaplatidel.eu\/nominal\/2167\" target=\"_blank\" rel=\"noreferrer noopener\"><mark style=\"background-color:rgba(0, 0, 0, 0)\" class=\"has-inline-color has-vivid-red-color\">100 CZK vzor 2026<\/mark><\/a><\/li>\n\n\n\n<li>8.1.2026 &#8211; RUB bankovka&nbsp;<a href=\"https:\/\/www.kartotekaplatidel.eu\/nominal\/2166\" target=\"_blank\" rel=\"noreferrer noopener\"><mark style=\"background-color:rgba(0, 0, 0, 0)\" class=\"has-inline-color has-vivid-red-color\">1 000 RUB vzor 2025<\/mark><\/a><\/li>\n\n\n\n<li>4.12.2025 &#8211; UAH &#8211; bankovka&nbsp;<a href=\"https:\/\/www.kartotekaplatidel.eu\/nominal\/2165\" target=\"_blank\" rel=\"noreferrer noopener\"><mark style=\"background-color:rgba(0, 0, 0, 0)\" class=\"has-inline-color has-vivid-red-color\">20 UAH vzor 2018 varianta 2025<\/mark><\/a><\/li>\n\n\n\n<li>26.1. 2024 &#8211;\u00a0Spu\u0161t\u011bn\u00ed nov\u00e9 <a href=\"https:\/\/www.kartotekaplatidel.eu\/\" target=\"_blank\" rel=\"noreferrer noopener\"><mark style=\"background-color:#eeecec;color:#008c5c\" class=\"has-inline-color\"><strong>Kartot\u00e9ky platidel online<\/strong><\/mark><\/a> do ostr\u00e9ho provozu<\/li>\n<\/ul>\n\n\n\n<p class=\"has-light-green-cyan-background-color has-background\"><strong><em><a href=\"https:\/\/www.karto-k.eu\/?page_id=752\">Lok\u00e1ln\u00ed na PC &#8211; upgrade <\/a><\/em><\/strong>&#8211; aktualizace ukon\u010deny k 1.3.2025<\/p>\n\n\n\n<p class=\"has-medium-font-size\">Kartot\u00e9ka platidel &#8211; <strong><a href=\"https:\/\/www.karto-k.eu\/?page_id=394\" data-type=\"page\">Ti\u0161t\u011bn\u00e1<\/a><\/strong> &#8211; aktualizace vydan\u00e1 18.11.2025<\/p>\n\n\n\n<ul class=\"wp-block-list\">\n<li>\u010cesk\u00e1 republika &#8211; PZM 10 000 CZK * vzor 2025 *&nbsp;kn\u00ed\u017ee V\u00e1clav<\/li>\n\n\n\n<li>\u010cesk\u00e1 republika &#8211; PSM 200 CZK * vzor 2025 III *&nbsp;v\u00fdro\u010d\u00ed \u00famrt\u00ed kronik\u00e1\u0159e Kosmase<\/li>\n\n\n\n<li>\u010cesk\u00e1 republika &#8211; PSM 5 000 CZK * vzor 2025 II *&nbsp;M\u011aSTSK\u00c9 PAM\u00c1TKOV\u00c9 REZERVACE * m\u011bsto T\u00e1bor<\/li>\n\n\n\n<li>USA &#8211; N\u00e1zvoslov\u00ed USD od roku 1996 &#8211; aktualizace tabulky<\/li>\n\n\n\n<li>Evropsk\u00e1 m\u011bnov\u00e1 unie &#8211; EUR mince Bulharska<\/li>\n\n\n\n<li>Bulharsko &#8211; prekluze cel\u00e9 m\u011bny &#8211; p\u0159echod na m\u011bnu EUR<\/li>\n\n\n\n<li>USA &#8211; nebezpe\u010dn\u00fd pad\u011blek 100 USD 2017A<\/li>\n<\/ul>\n\n\n\n<p class=\"has-light-green-cyan-background-color has-background\"><\/p>\n\n\n\n<p><\/p>\n\n\n\n<p><em>Bli\u017e\u0161\u00ed informace a objedn\u00e1vky:<\/em><\/p>\n\n\n\n<pre class=\"wp-block-preformatted\">office(zavin\u00e1\u010d)karto-k.cz          tel.(mobil): +420 730 667 556<\/pre>\n","protected":false},"excerpt":{"rendered":"<p>Kartot\u00e9ka platidel On line &#8211; aktualizace k: Lok\u00e1ln\u00ed na PC &#8211; upgrade &#8211; aktualizace ukon\u010deny k 1.3.2025 Kartot\u00e9ka platidel &#8211; Ti\u0161t\u011bn\u00e1 &#8211; aktualizace vydan\u00e1 18.11.2025 Bli\u017e\u0161\u00ed informace a objedn\u00e1vky: office(zavin\u00e1\u010d)karto-k.cz tel.(mobil): +420 730 667 556<\/p>\n","protected":false},"author":1,"featured_media":55,"parent":0,"menu_order":0,"comment_status":"closed","ping_status":"closed","template":"","meta":{"footnotes":""},"class_list":["post-21","page","type-page","status-publish","has-post-thumbnail","hentry"],"_links":{"self":[{"href":"https:\/\/www.karto-k.eu\/index.php?rest_route=\/wp\/v2\/pages\/21","targetHints":{"allow":["GET"]}}],"collection":[{"href":"https:\/\/www.karto-k.eu\/index.php?rest_route=\/wp\/v2\/pages"}],"about":[{"href":"https:\/\/www.karto-k.eu\/index.php?rest_route=\/wp\/v2\/types\/page"}],"author":[{"embeddable":true,"href":"https:\/\/www.karto-k.eu\/index.php?rest_route=\/wp\/v2\/users\/1"}],"replies":[{"embeddable":true,"href":"https:\/\/www.karto-k.eu\/index.php?rest_route=%2Fwp%2Fv2%2Fcomments&post=21"}],"version-history":[{"count":78,"href":"https:\/\/www.karto-k.eu\/index.php?rest_route=\/wp\/v2\/pages\/21\/revisions"}],"predecessor-version":[{"id":934,"href":"https:\/\/www.karto-k.eu\/index.php?rest_route=\/wp\/v2\/pages\/21\/revisions\/934"}],"wp:featuredmedia":[{"embeddable":true,"href":"https:\/\/www.karto-k.eu\/index.php?rest_route=\/wp\/v2\/media\/55"}],"wp:attachment":[{"href":"https:\/\/www.karto-k.eu\/index.php?rest_route=%2Fwp%2Fv2%2Fmedia&parent=21"}],"curies":[{"name":"wp","href":"https:\/\/api.w.org\/{rel}","templated":true}]}}