{"id":186,"date":"2020-02-10T12:26:09","date_gmt":"2020-02-10T12:26:09","guid":{"rendered":"https:\/\/www.karto-k.eu\/?page_id=186"},"modified":"2020-02-19T08:12:51","modified_gmt":"2020-02-19T08:12:51","slug":"povereni-cnb-2","status":"publish","type":"page","link":"https:\/\/www.karto-k.eu\/?page_id=186","title":{"rendered":"Pov\u011b\u0159en\u00ed \u010cNB"},"content":{"rendered":"\n<figure class=\"wp-block-table\"><table class=\"\" style=\"text-align: justify;\"><tbody><tr><td>Vzhledem ke&nbsp;skute\u010dnosti, \u017ee&nbsp;spole\u010dnost KARTO&nbsp;K spol.&nbsp;s&nbsp;r.o. dlouhodob\u011b prok\u00e1zala, \u017ee m\u00e1 organiza\u010dn\u00ed a&nbsp;technick\u00e9 p\u0159edpoklady pro po\u0159\u00e1d\u00e1n\u00ed kurz\u016f, bylo na&nbsp;z\u00e1klad\u011b spr\u00e1vn\u00edho \u0159\u00edzen\u00ed spole\u010dnosti KARTO&nbsp;K spol.&nbsp;s&nbsp;r.o. dne 6.12.2011 vyd\u00e1no \u010cNB pov\u011b\u0159en\u00ed k&nbsp;po\u0159\u00e1d\u00e1n\u00ed odborn\u00fdch kurz\u016f o&nbsp;rozpozn\u00e1v\u00e1n\u00ed platidel podez\u0159el\u00fdch z&nbsp;pad\u011bl\u00e1n\u00ed nebo pozm\u011b\u0148ov\u00e1n\u00ed.<br>T\u00edmto se&nbsp;spole\u010dnost KARTO&nbsp;K spol.&nbsp;s&nbsp;r.o. st\u00e1v\u00e1 \u201epov\u011b\u0159enou osobou\u201c a&nbsp;je&nbsp;opr\u00e1vn\u011bna po\u0159\u00e1dat odborn\u00e9 kurzy dle z\u00e1kona \u010d.136\/2011, \u00a7&nbsp;33, odstavce&nbsp;3, p\u00edsmena&nbsp;c)<\/td><\/tr><\/tbody><\/table><\/figure>\n\n\n\n<figure class=\"wp-block-image size-large is-resized\"><img loading=\"lazy\" decoding=\"async\" src=\"http:\/\/www.karto-k.eu\/wp-content\/uploads\/2020\/02\/Povereni-CNB.jpg\" alt=\"\" class=\"wp-image-160\" width=\"400\" height=\"439\"\/><figcaption>Pov\u011b\u0159en\u00ed \u010cNB<\/figcaption><\/figure>\n","protected":false},"excerpt":{"rendered":"<p>Vzhledem ke&nbsp;skute\u010dnosti, \u017ee&nbsp;spole\u010dnost KARTO&nbsp;K spol.&nbsp;s&nbsp;r.o. dlouhodob\u011b prok\u00e1zala, \u017ee m\u00e1 organiza\u010dn\u00ed a&nbsp;technick\u00e9 p\u0159edpoklady pro po\u0159\u00e1d\u00e1n\u00ed kurz\u016f, bylo na&nbsp;z\u00e1klad\u011b spr\u00e1vn\u00edho \u0159\u00edzen\u00ed spole\u010dnosti KARTO&nbsp;K spol.&nbsp;s&nbsp;r.o. dne 6.12.2011 vyd\u00e1no \u010cNB pov\u011b\u0159en\u00ed k&nbsp;po\u0159\u00e1d\u00e1n\u00ed odborn\u00fdch kurz\u016f o&nbsp;rozpozn\u00e1v\u00e1n\u00ed platidel podez\u0159el\u00fdch z&nbsp;pad\u011bl\u00e1n\u00ed nebo pozm\u011b\u0148ov\u00e1n\u00ed.T\u00edmto se&nbsp;spole\u010dnost KARTO&nbsp;K spol.&nbsp;s&nbsp;r.o. st\u00e1v\u00e1 \u201epov\u011b\u0159enou osobou\u201c a&nbsp;je&nbsp;opr\u00e1vn\u011bna po\u0159\u00e1dat odborn\u00e9 kurzy dle z\u00e1kona \u010d.136\/2011, \u00a7&nbsp;33, odstavce&nbsp;3, p\u00edsmena&nbsp;c)<\/p>\n","protected":false},"author":1,"featured_media":0,"parent":0,"menu_order":0,"comment_status":"closed","ping_status":"closed","template":"","meta":{"footnotes":""},"class_list":["post-186","page","type-page","status-publish","hentry"],"_links":{"self":[{"href":"https:\/\/www.karto-k.eu\/index.php?rest_route=\/wp\/v2\/pages\/186","targetHints":{"allow":["GET"]}}],"collection":[{"href":"https:\/\/www.karto-k.eu\/index.php?rest_route=\/wp\/v2\/pages"}],"about":[{"href":"https:\/\/www.karto-k.eu\/index.php?rest_route=\/wp\/v2\/types\/page"}],"author":[{"embeddable":true,"href":"https:\/\/www.karto-k.eu\/index.php?rest_route=\/wp\/v2\/users\/1"}],"replies":[{"embeddable":true,"href":"https:\/\/www.karto-k.eu\/index.php?rest_route=%2Fwp%2Fv2%2Fcomments&post=186"}],"version-history":[{"count":4,"href":"https:\/\/www.karto-k.eu\/index.php?rest_route=\/wp\/v2\/pages\/186\/revisions"}],"predecessor-version":[{"id":450,"href":"https:\/\/www.karto-k.eu\/index.php?rest_route=\/wp\/v2\/pages\/186\/revisions\/450"}],"wp:attachment":[{"href":"https:\/\/www.karto-k.eu\/index.php?rest_route=%2Fwp%2Fv2%2Fmedia&parent=186"}],"curies":[{"name":"wp","href":"https:\/\/api.w.org\/{rel}","templated":true}]}}