{"id":176,"date":"2020-02-10T12:15:39","date_gmt":"2020-02-10T12:15:39","guid":{"rendered":"https:\/\/www.karto-k.eu\/?page_id=176"},"modified":"2025-05-18T08:49:09","modified_gmt":"2025-05-18T08:49:09","slug":"kurzy-na-pravost-cenin","status":"publish","type":"page","link":"https:\/\/www.karto-k.eu\/?page_id=176","title":{"rendered":"Kurzy na pravost cenin"},"content":{"rendered":"\n<p style=\"text-align: justify;\"> K tomu, aby jste zabr\u00e1nili Va\u0161im finan\u010dn\u00edm ztr\u00e1t\u00e1m, jsou nutn\u00e9 nejen verifika\u010dn\u00ed pom\u016fcky a informa\u010dn\u00ed syst\u00e9m, ale hlavn\u011b znalosti jak v\u0161e pou\u017e\u00edvat a co kontrolovat. To v\u0161e se dozv\u00edte na&nbsp;p\u0159edn\u00e1\u0161k\u00e1ch nejvy\u0161\u0161\u00ed \u00farovn\u011b na\u0161eho lektorsk\u00e9ho t\u00fdmu. \u0160kolen\u00ed prov\u00e1d\u00edme od roku 2000 a na\u0161imi kurzy pro\u0161lo n\u011bkolik des\u00edtek tis\u00edc \u00fa\u010dastn\u00edk\u016f. V roce 2011 se na\u0161i lekto\u0159i stali \u00fasp\u011b\u0161n\u00fdmi absolventy lektorsk\u00e9ho kurzu typu \u201eA\u201c, po\u0159\u00e1dan\u00e9ho v\u00fdhradn\u011b \u010cNB dle nov\u00e9ho z\u00e1kona o ob\u011bhu bankovek a minc\u00ed \u010d.136\/2011, na z\u00e1klad\u011b kter\u00e9ho jsou pov\u011b\u0159eni lektorsky v\u00e9st kurzy o rozpozn\u00e1v\u00e1n\u00ed platidel podez\u0159el\u00fdch z pad\u011bl\u00e1n\u00ed nebo pozm\u011b\u0148ov\u00e1n\u00ed. <\/p>\n\n\n\n<p><strong><a href=\"http:\/\/www.karto-k.eu\/?page_id=292\" data-type=\"URL\" data-id=\"http:\/\/www.karto-k.eu\/?page_id=292\">P\u0159ehled v\u0161ech kurz\u016f<\/a><\/strong><\/p>\n","protected":false},"excerpt":{"rendered":"<p>K tomu, aby jste zabr\u00e1nili Va\u0161im finan\u010dn\u00edm ztr\u00e1t\u00e1m, jsou nutn\u00e9 nejen verifika\u010dn\u00ed pom\u016fcky a informa\u010dn\u00ed syst\u00e9m, ale hlavn\u011b znalosti jak v\u0161e pou\u017e\u00edvat a co kontrolovat. To v\u0161e se dozv\u00edte na&nbsp;p\u0159edn\u00e1\u0161k\u00e1ch nejvy\u0161\u0161\u00ed \u00farovn\u011b na\u0161eho lektorsk\u00e9ho t\u00fdmu. \u0160kolen\u00ed prov\u00e1d\u00edme od roku 2000 a na\u0161imi kurzy pro\u0161lo n\u011bkolik des\u00edtek tis\u00edc \u00fa\u010dastn\u00edk\u016f. V roce 2011 se na\u0161i lekto\u0159i stali &hellip; <\/p>\n<p class=\"link-more\"><a href=\"https:\/\/www.karto-k.eu\/?page_id=176\" class=\"more-link\">Pokra\u010dovat ve \u010dten\u00ed<span class=\"screen-reader-text\"> &#8222;Kurzy na pravost cenin&#8220;<\/span><\/a><\/p>\n","protected":false},"author":1,"featured_media":0,"parent":0,"menu_order":0,"comment_status":"closed","ping_status":"closed","template":"","meta":{"footnotes":""},"class_list":["post-176","page","type-page","status-publish","hentry"],"_links":{"self":[{"href":"https:\/\/www.karto-k.eu\/index.php?rest_route=\/wp\/v2\/pages\/176","targetHints":{"allow":["GET"]}}],"collection":[{"href":"https:\/\/www.karto-k.eu\/index.php?rest_route=\/wp\/v2\/pages"}],"about":[{"href":"https:\/\/www.karto-k.eu\/index.php?rest_route=\/wp\/v2\/types\/page"}],"author":[{"embeddable":true,"href":"https:\/\/www.karto-k.eu\/index.php?rest_route=\/wp\/v2\/users\/1"}],"replies":[{"embeddable":true,"href":"https:\/\/www.karto-k.eu\/index.php?rest_route=%2Fwp%2Fv2%2Fcomments&post=176"}],"version-history":[{"count":12,"href":"https:\/\/www.karto-k.eu\/index.php?rest_route=\/wp\/v2\/pages\/176\/revisions"}],"predecessor-version":[{"id":872,"href":"https:\/\/www.karto-k.eu\/index.php?rest_route=\/wp\/v2\/pages\/176\/revisions\/872"}],"wp:attachment":[{"href":"https:\/\/www.karto-k.eu\/index.php?rest_route=%2Fwp%2Fv2%2Fmedia&parent=176"}],"curies":[{"name":"wp","href":"https:\/\/api.w.org\/{rel}","templated":true}]}}