{"id":169,"date":"2020-02-10T11:50:59","date_gmt":"2020-02-10T11:50:59","guid":{"rendered":"https:\/\/www.karto-k.eu\/?page_id=169"},"modified":"2025-05-18T09:04:11","modified_gmt":"2025-05-18T09:04:11","slug":"osvedceni","status":"publish","type":"page","link":"https:\/\/www.karto-k.eu\/?page_id=169","title":{"rendered":"Osv\u011bd\u010den\u00ed"},"content":{"rendered":"\n<figure class=\"wp-block-table\"><table class=\"\" style=\"text-align: justify;\"><tbody><tr><td>spole\u010dnost KARTO K spol. s r.o. je opr\u00e1vn\u011bn\u00e1 vyd\u00e1vat \u201eosv\u011bd\u010den\u00ed\u201c o&nbsp;absolvov\u00e1n\u00ed odborn\u00e9ho kurzu dle z\u00e1kona \u010d.136\/2011, \u00a7&nbsp;33, odstavce&nbsp;3, p\u00edsmena&nbsp;c).<\/td><\/tr><\/tbody><\/table><\/figure>\n\n\n\n<p class=\"has-text-align-center\"><strong>V sou\u010dasn\u00e9 dob\u011b jsou osv\u011bd\u010den\u00ed vyd\u00e1v\u00e1na pouze v elektronick\u00e9 podob\u011b v\u00a0syst\u00e9mu spravovan\u00e9m p\u0159\u00edmo \u010cNB.<\/strong><\/p>\n\n\n\n<p class=\"has-small-font-size\">N\u00e1hled d\u0159\u00edve vyd\u00e1van\u00fdch ti\u0161t\u011bn\u00fdch osv\u011bd\u010den\u00ed<\/p>\n\n\n\n<figure class=\"wp-block-gallery has-nested-images columns-default is-cropped wp-block-gallery-1 is-layout-flex wp-block-gallery-is-layout-flex\">\n<figure class=\"wp-block-image\"><img loading=\"lazy\" decoding=\"async\" width=\"321\" height=\"227\" data-id=\"158\" src=\"https:\/\/www.karto-k.eu\/wp-content\/uploads\/2020\/02\/Osvedceni-Licni-strana.jpg\" alt=\"\" class=\"wp-image-158\" srcset=\"https:\/\/www.karto-k.eu\/wp-content\/uploads\/2020\/02\/Osvedceni-Licni-strana.jpg 321w, https:\/\/www.karto-k.eu\/wp-content\/uploads\/2020\/02\/Osvedceni-Licni-strana-300x212.jpg 300w\" sizes=\"auto, (max-width: 321px) 100vw, 321px\" \/><figcaption class=\"wp-element-caption\">Specimen osv\u011bd\u010den\u00ed l\u00edcn\u00ed strana<\/figcaption><\/figure>\n\n\n\n<figure class=\"wp-block-image\"><img loading=\"lazy\" decoding=\"async\" width=\"321\" height=\"227\" data-id=\"159\" src=\"https:\/\/www.karto-k.eu\/wp-content\/uploads\/2020\/02\/Osvedceni-Rubova-strana.jpg\" alt=\"\" class=\"wp-image-159\" srcset=\"https:\/\/www.karto-k.eu\/wp-content\/uploads\/2020\/02\/Osvedceni-Rubova-strana.jpg 321w, https:\/\/www.karto-k.eu\/wp-content\/uploads\/2020\/02\/Osvedceni-Rubova-strana-300x212.jpg 300w\" sizes=\"auto, (max-width: 321px) 100vw, 321px\" \/><figcaption class=\"wp-element-caption\">Specimen osv\u011bd\u010den\u00ed rubov\u00e1 strana<\/figcaption><\/figure>\n<\/figure>\n","protected":false},"excerpt":{"rendered":"<p>spole\u010dnost KARTO K spol. s r.o. je opr\u00e1vn\u011bn\u00e1 vyd\u00e1vat \u201eosv\u011bd\u010den\u00ed\u201c o&nbsp;absolvov\u00e1n\u00ed odborn\u00e9ho kurzu dle z\u00e1kona \u010d.136\/2011, \u00a7&nbsp;33, odstavce&nbsp;3, p\u00edsmena&nbsp;c). V sou\u010dasn\u00e9 dob\u011b jsou osv\u011bd\u010den\u00ed vyd\u00e1v\u00e1na pouze v elektronick\u00e9 podob\u011b v\u00a0syst\u00e9mu spravovan\u00e9m p\u0159\u00edmo \u010cNB. N\u00e1hled d\u0159\u00edve vyd\u00e1van\u00fdch ti\u0161t\u011bn\u00fdch osv\u011bd\u010den\u00ed<\/p>\n","protected":false},"author":1,"featured_media":0,"parent":0,"menu_order":0,"comment_status":"closed","ping_status":"closed","template":"","meta":{"footnotes":""},"class_list":["post-169","page","type-page","status-publish","hentry"],"_links":{"self":[{"href":"https:\/\/www.karto-k.eu\/index.php?rest_route=\/wp\/v2\/pages\/169","targetHints":{"allow":["GET"]}}],"collection":[{"href":"https:\/\/www.karto-k.eu\/index.php?rest_route=\/wp\/v2\/pages"}],"about":[{"href":"https:\/\/www.karto-k.eu\/index.php?rest_route=\/wp\/v2\/types\/page"}],"author":[{"embeddable":true,"href":"https:\/\/www.karto-k.eu\/index.php?rest_route=\/wp\/v2\/users\/1"}],"replies":[{"embeddable":true,"href":"https:\/\/www.karto-k.eu\/index.php?rest_route=%2Fwp%2Fv2%2Fcomments&post=169"}],"version-history":[{"count":11,"href":"https:\/\/www.karto-k.eu\/index.php?rest_route=\/wp\/v2\/pages\/169\/revisions"}],"predecessor-version":[{"id":878,"href":"https:\/\/www.karto-k.eu\/index.php?rest_route=\/wp\/v2\/pages\/169\/revisions\/878"}],"wp:attachment":[{"href":"https:\/\/www.karto-k.eu\/index.php?rest_route=%2Fwp%2Fv2%2Fmedia&parent=169"}],"curies":[{"name":"wp","href":"https:\/\/api.w.org\/{rel}","templated":true}]}}