{"id":112,"date":"2020-02-10T10:29:49","date_gmt":"2020-02-10T10:29:49","guid":{"rendered":"https:\/\/www.karto-k.eu\/?page_id=112"},"modified":"2026-01-09T07:29:14","modified_gmt":"2026-01-09T07:29:14","slug":"platna-legislativa","status":"publish","type":"page","link":"https:\/\/www.karto-k.eu\/?page_id=112","title":{"rendered":"Platn\u00e1 legislativa"},"content":{"rendered":"\n<p><\/p>\n\n\n\n<figure class=\"wp-block-table\"><table class=\"\" style=\"text-align: justify;\"><tbody><tr><td>dne 27. dubna 2011 vstoupil v&nbsp;platnost z\u00e1kon \u010d.136\/2011 o&nbsp;ob\u011bhu bankovek a&nbsp;minc\u00ed a&nbsp;dne 5.&nbsp;z\u00e1\u0159\u00ed 2011 vstoupila v&nbsp;platnost vyhl\u00e1\u0161ka \u010cNB \u010d.274\/2011 o&nbsp;proveden\u00ed n\u011bkter\u00fdch ustanoven\u00ed z\u00e1kona o&nbsp;ob\u011bhu bankovek a&nbsp;minc\u00ed. Na&nbsp;z\u00e1klad\u011b v\u00fd\u0161e uveden\u00fdch pr\u00e1vn\u00edch p\u0159edpis\u016f pro&nbsp;V\u00e1s m\u016f\u017ee vypl\u00fdvat povinnost dle n\u00ed\u017ee uveden\u00e9 citace z\u00e1kona (kurz\u00edvou):<br><br><strong>Z\u00e1kon \u010d. 136\/2011 \u00a7 33 &#8211; Odborn\u00fd kurz<\/strong><br><br><em>(1) \u010cesk\u00e1 n\u00e1rodn\u00ed banka, \u00fav\u011brov\u00e1 instituce prov\u00e1d\u011bj\u00edc\u00ed pokladn\u00ed operace, zpracovatel tuzemsk\u00fdch bankovek a&nbsp;minc\u00ed, sm\u011bn\u00e1rn\u00edk, provozovatel kasina, dr\u017eitel po\u0161tovn\u00ed licence nebo zvl\u00e1\u0161tn\u00ed po\u0161tovn\u00ed licence podle z\u00e1kona o&nbsp;po\u0161tovn\u00edch slu\u017eb\u00e1ch, a&nbsp;d\u00e1le platebn\u00ed instituce, poskytovatel platebn\u00edch slu\u017eeb mal\u00e9ho rozsahu, instituce elektronick\u00fdch pen\u011bz a&nbsp;vydavatel elektronick\u00fdch pen\u011bz mal\u00e9ho rozsahu, u&nbsp;nich\u017e p\u0159i&nbsp;poskytov\u00e1n\u00ed platebn\u00edch slu\u017eeb nebo vyd\u00e1v\u00e1n\u00ed elektronick\u00fdch pen\u011bz doch\u00e1z\u00ed k&nbsp;vracen\u00ed p\u0159ijat\u00fdch bankovek nebo minc\u00ed do&nbsp;ob\u011bhu, zajist\u00ed, aby osoby, kter\u00e9 p\u0159i zpracov\u00e1n\u00ed tuzemsk\u00fdch bankovek a&nbsp;minc\u00ed posuzuj\u00ed jejich pravost nebo vracej\u00ed p\u0159ijat\u00e9 bankovky nebo mince do&nbsp;ob\u011bhu, byly dr\u017eiteli osv\u011bd\u010den\u00ed o&nbsp;absolvov\u00e1n\u00ed odborn\u00e9ho kurzu o&nbsp;rozpozn\u00e1v\u00e1n\u00ed bankovek a&nbsp;minc\u00ed podez\u0159el\u00fdch z&nbsp;pad\u011bl\u00e1n\u00ed nebo pozm\u011b\u0148ov\u00e1n\u00ed (d\u00e1le jen \u201ekurz\u201c), vydan\u00e9ho \u010ceskou n\u00e1rodn\u00ed bankou nebo osobou j\u00ed&nbsp;k&nbsp;tomu pov\u011b\u0159enou (d\u00e1le jen \u201eosv\u011bd\u010den\u00ed\u201c).<\/em><\/td><\/tr><\/tbody><\/table><\/figure>\n\n\n\n<p>Legislativa ve form\u00e1tu PDF:<\/p>\n\n\n\n<ul class=\"wp-block-list\">\n<li><a href=\"http:\/\/www.karto-k.eu\/wp-content\/uploads\/2020\/02\/zakon_136_2011_obeh_bankovek_a_minci.pdf\" target=\"_blank\" rel=\"noreferrer noopener\">Z\u00e1kon \u010d. 136\/2011 Sb.&nbsp;o ob\u011bhu bankovek a minc\u00ed<\/a><\/li>\n\n\n\n<li><a href=\"https:\/\/www.karto-k.eu\/wp-content\/uploads\/2026\/01\/Vyhlaska-c.-189_2025-Sb.pdf\" target=\"_blank\" rel=\"noreferrer noopener\">Vyhl\u00e1\u0161ka \u010cNB \u010d. 189\/2025<\/a> upravuje vyhl\u00e1\u0161ku \u010d. 274\/2011<\/li>\n\n\n\n<li><a href=\"http:\/\/www.karto-k.eu\/wp-content\/uploads\/2020\/02\/vyhl_274_2011.pdf\" target=\"_blank\" rel=\"noreferrer noopener\">Vyhl\u00e1\u0161ka \u010cNB \u010d. 274\/2011<\/a><\/li>\n\n\n\n<li><a href=\"http:\/\/www.karto-k.eu\/wp-content\/uploads\/2020\/02\/2011s274p01.pdf\" target=\"_blank\" rel=\"noreferrer noopener\">P\u0159\u00edloha k vyhl\u00e1\u0161ce \u010cNB \u010d. 274\/2011 &#8211; vzor Potvrzen\u00ed o&nbsp;zadr\u017een\u00ed bankovek nebo minc\u00ed<\/a><\/li>\n\n\n\n<li><a href=\"http:\/\/www.karto-k.eu\/wp-content\/uploads\/2020\/02\/Zak_2013-277_zakon-o-smenarenske-cinnosti.pdf\" target=\"_blank\" rel=\"noreferrer noopener\">Z\u00e1kon \u010d. 277\/2013 Sb.&nbsp;o sm\u011bn\u00e1rensk\u00e9 \u010dinnosti<\/a><\/li>\n\n\n\n<li><a href=\"http:\/\/www.karto-k.eu\/wp-content\/uploads\/2020\/02\/Vyhl%C3%A1%C5%A1ka-%C4%8D.-315_2013-Sb.-o-sm%C4%9Bn%C3%A1rensk%C3%A9-%C4%8Dinnosti.pdf\" target=\"_blank\" rel=\"noreferrer noopener\">Vyhl\u00e1\u0161ka \u010cNB \u010d. 315\/2013 o sm\u011bn\u00e1rensk\u00e9 \u010dinnosti<\/a><\/li>\n<\/ul>\n\n\n\n<p><\/p>\n","protected":false},"excerpt":{"rendered":"<p>dne 27. dubna 2011 vstoupil v&nbsp;platnost z\u00e1kon \u010d.136\/2011 o&nbsp;ob\u011bhu bankovek a&nbsp;minc\u00ed a&nbsp;dne 5.&nbsp;z\u00e1\u0159\u00ed 2011 vstoupila v&nbsp;platnost vyhl\u00e1\u0161ka \u010cNB \u010d.274\/2011 o&nbsp;proveden\u00ed n\u011bkter\u00fdch ustanoven\u00ed z\u00e1kona o&nbsp;ob\u011bhu bankovek a&nbsp;minc\u00ed. Na&nbsp;z\u00e1klad\u011b v\u00fd\u0161e uveden\u00fdch pr\u00e1vn\u00edch p\u0159edpis\u016f pro&nbsp;V\u00e1s m\u016f\u017ee vypl\u00fdvat povinnost dle n\u00ed\u017ee uveden\u00e9 citace z\u00e1kona (kurz\u00edvou): Z\u00e1kon \u010d. 136\/2011 \u00a7 33 &#8211; Odborn\u00fd kurz (1) \u010cesk\u00e1 n\u00e1rodn\u00ed banka, \u00fav\u011brov\u00e1 instituce &hellip; <\/p>\n<p class=\"link-more\"><a href=\"https:\/\/www.karto-k.eu\/?page_id=112\" class=\"more-link\">Pokra\u010dovat ve \u010dten\u00ed<span class=\"screen-reader-text\"> &#8222;Platn\u00e1 legislativa&#8220;<\/span><\/a><\/p>\n","protected":false},"author":1,"featured_media":0,"parent":0,"menu_order":0,"comment_status":"closed","ping_status":"closed","template":"","meta":{"footnotes":""},"class_list":["post-112","page","type-page","status-publish","hentry"],"_links":{"self":[{"href":"https:\/\/www.karto-k.eu\/index.php?rest_route=\/wp\/v2\/pages\/112","targetHints":{"allow":["GET"]}}],"collection":[{"href":"https:\/\/www.karto-k.eu\/index.php?rest_route=\/wp\/v2\/pages"}],"about":[{"href":"https:\/\/www.karto-k.eu\/index.php?rest_route=\/wp\/v2\/types\/page"}],"author":[{"embeddable":true,"href":"https:\/\/www.karto-k.eu\/index.php?rest_route=\/wp\/v2\/users\/1"}],"replies":[{"embeddable":true,"href":"https:\/\/www.karto-k.eu\/index.php?rest_route=%2Fwp%2Fv2%2Fcomments&post=112"}],"version-history":[{"count":27,"href":"https:\/\/www.karto-k.eu\/index.php?rest_route=\/wp\/v2\/pages\/112\/revisions"}],"predecessor-version":[{"id":928,"href":"https:\/\/www.karto-k.eu\/index.php?rest_route=\/wp\/v2\/pages\/112\/revisions\/928"}],"wp:attachment":[{"href":"https:\/\/www.karto-k.eu\/index.php?rest_route=%2Fwp%2Fv2%2Fmedia&parent=112"}],"curies":[{"name":"wp","href":"https:\/\/api.w.org\/{rel}","templated":true}]}}