{"id":103,"date":"2020-02-10T09:41:20","date_gmt":"2020-02-10T09:41:20","guid":{"rendered":"https:\/\/www.karto-k.eu\/?page_id=103"},"modified":"2021-08-10T09:42:55","modified_gmt":"2021-08-10T09:42:55","slug":"organizace-kurzu","status":"publish","type":"page","link":"https:\/\/www.karto-k.eu\/?page_id=103","title":{"rendered":"Organizace kurz\u016f"},"content":{"rendered":"\n<figure class=\"wp-block-table\"><table><tbody><tr><td>je v\u017edy prov\u00e1d\u011bna dle dokumentu\u00a0<a rel=\"noreferrer noopener\" href=\"http:\/\/www.karto-k.eu\/wp-content\/uploads\/2020\/02\/Organizace_kurz%C5%AF_136_2011.pdf\" target=\"_blank\">\u201eOrganizace kurz\u016f o rozpozn\u00e1v\u00e1n\u00ed bankovek a minc\u00ed podez\u0159el\u00fdch z pad\u011bl\u00e1n\u00ed nebo pozm\u011b\u0148ov\u00e1n\u00ed &#8211; kurzy dle \u00a7 33, odst. 3, p\u00edsm. c), z\u00e1kona \u010d. 136\/2011 Sb.\u201c<\/a><br><br>V p\u0159\u00edpad\u011b Va\u0161eho z\u00e1jmu o za\u0159azen\u00ed \u00fa\u010dastn\u00edka (-\u016f) do\u00a0v\u00fd\u0161e uveden\u00e9ho kurzu pokra\u010dujte pros\u00edm\u00a0<a href=\"https:\/\/www.karto-k.eu\/?page_id=233\" data-type=\"page\" data-id=\"233\">na\u00a0p\u0159ihla\u0161ovac\u00ed podm\u00ednky<\/a>.<br><br>Pokud z n\u011bjak\u00e9ho d\u016fvodu pot\u0159ebujete odhl\u00e1sit \u00fa\u010dastn\u00edka (-ky) z kurzu pokra\u010dujte pros\u00edm\u00a0<a href=\"https:\/\/www.karto-k.eu\/?page_id=247\" data-type=\"page\" data-id=\"247\">na\u00a0stornovac\u00ed podm\u00ednky<\/a>.<br><br>Term\u00edny kurz\u016f:<br><a rel=\"noreferrer noopener\" href=\"http:\/\/rezervace.kartok.cz\/\" target=\"_blank\">Rezerva\u010dn\u00ed syst\u00e9m<\/a><\/td><\/tr><\/tbody><\/table><\/figure>\n\n\n\n<hr class=\"wp-block-separator is-style-wide\"\/>\n\n\n\n<p class=\"has-text-align-center has-light-green-cyan-background-color has-background\">V\u0161echny formul\u00e1\u0159e ke sta\u017een\u00ed<\/p>\n\n\n\n<ul style=\"text-align: justify;\"><li>\u017d\u00e1dost o za\u0159azen\u00ed osob (-y) do kurzu o&nbsp;rozpozn\u00e1v\u00e1n\u00ed platidel podez\u0159el\u00fdch z pad\u011bl\u00e1n\u00ed nebo pozm\u011b\u0148ov\u00e1n\u00ed<ul><li><a rel=\"noreferrer noopener\" aria-label=\"ve form\u00e1tu pdf (otev\u0159e se na nov\u00e9 z\u00e1lo\u017ece)\" href=\"http:\/\/www.karto-k.eu\/wp-content\/uploads\/2020\/02\/FO_KA_1.pdf\" target=\"_blank\">ve form\u00e1tu pdf<\/a><\/li><li><a rel=\"noreferrer noopener\" aria-label=\"ve form\u00e1tu doc (otev\u0159e se na nov\u00e9 z\u00e1lo\u017ece)\" href=\"http:\/\/www.karto-k.eu\/wp-content\/uploads\/2020\/02\/FO_KA_1.doc\" target=\"_blank\">ve form\u00e1tu doc<\/a><\/li><\/ul><\/li><li>\u017d\u00e1dost o vy\u0159azen\u00ed osob (-y) z kurzu o&nbsp;rozpozn\u00e1v\u00e1n\u00ed platidel podez\u0159el\u00fdch z&nbsp;pad\u011bl\u00e1n\u00ed nebo pozm\u011b\u0148ov\u00e1n\u00ed<ul><li><a rel=\"noreferrer noopener\" aria-label=\"ve form\u00e1tu pdf (otev\u0159e se na nov\u00e9 z\u00e1lo\u017ece)\" href=\"http:\/\/www.karto-k.eu\/wp-content\/uploads\/2020\/02\/FO_KA_2.pdf\" target=\"_blank\">ve form\u00e1tu pdf<\/a><\/li><\/ul><ul><li><a rel=\"noreferrer noopener\" aria-label=\"ve form\u00e1tu doc (otev\u0159e se na nov\u00e9 z\u00e1lo\u017ece)\" href=\"http:\/\/www.karto-k.eu\/wp-content\/uploads\/2020\/02\/FO_KA_2.doc\" target=\"_blank\">ve form\u00e1tu doc<\/a><\/li><\/ul><\/li><li>\u017d\u00e1dost o vystaven\u00ed duplik\u00e1tu osv\u011bd\u010den\u00ed o odborn\u00e9 zp\u016fsobilosti v&nbsp;rozpozn\u00e1v\u00e1n\u00ed platidel podez\u0159el\u00fdch z&nbsp;pad\u011bl\u00e1n\u00ed nebo pozm\u011b\u0148ov\u00e1n\u00ed<ul><li><a rel=\"noreferrer noopener\" aria-label=\"ve form\u00e1tu pdf (otev\u0159e se na nov\u00e9 z\u00e1lo\u017ece)\" href=\"http:\/\/www.karto-k.eu\/wp-content\/uploads\/2020\/02\/FO_KA_3.pdf\" target=\"_blank\">ve form\u00e1tu pdf<\/a><\/li><li><a rel=\"noreferrer noopener\" aria-label=\"ve form\u00e1tu doc (otev\u0159e se na nov\u00e9 z\u00e1lo\u017ece)\" href=\"http:\/\/www.karto-k.eu\/wp-content\/uploads\/2020\/02\/FO_KA_3.doc\" target=\"_blank\">ve form\u00e1tu doc<\/a><\/li><\/ul><\/li><\/ul>\n","protected":false},"excerpt":{"rendered":"<p>je v\u017edy prov\u00e1d\u011bna dle dokumentu\u00a0\u201eOrganizace kurz\u016f o rozpozn\u00e1v\u00e1n\u00ed bankovek a minc\u00ed podez\u0159el\u00fdch z pad\u011bl\u00e1n\u00ed nebo pozm\u011b\u0148ov\u00e1n\u00ed &#8211; kurzy dle \u00a7 33, odst. 3, p\u00edsm. c), z\u00e1kona \u010d. 136\/2011 Sb.\u201c V p\u0159\u00edpad\u011b Va\u0161eho z\u00e1jmu o za\u0159azen\u00ed \u00fa\u010dastn\u00edka (-\u016f) do\u00a0v\u00fd\u0161e uveden\u00e9ho kurzu pokra\u010dujte pros\u00edm\u00a0na\u00a0p\u0159ihla\u0161ovac\u00ed podm\u00ednky. Pokud z n\u011bjak\u00e9ho d\u016fvodu pot\u0159ebujete odhl\u00e1sit \u00fa\u010dastn\u00edka (-ky) z kurzu pokra\u010dujte pros\u00edm\u00a0na\u00a0stornovac\u00ed &hellip; <\/p>\n<p class=\"link-more\"><a href=\"https:\/\/www.karto-k.eu\/?page_id=103\" class=\"more-link\">Pokra\u010dovat ve \u010dten\u00ed<span class=\"screen-reader-text\"> &#8222;Organizace kurz\u016f&#8220;<\/span><\/a><\/p>\n","protected":false},"author":1,"featured_media":0,"parent":0,"menu_order":0,"comment_status":"closed","ping_status":"closed","template":"","meta":{"footnotes":""},"class_list":["post-103","page","type-page","status-publish","hentry"],"_links":{"self":[{"href":"https:\/\/www.karto-k.eu\/index.php?rest_route=\/wp\/v2\/pages\/103","targetHints":{"allow":["GET"]}}],"collection":[{"href":"https:\/\/www.karto-k.eu\/index.php?rest_route=\/wp\/v2\/pages"}],"about":[{"href":"https:\/\/www.karto-k.eu\/index.php?rest_route=\/wp\/v2\/types\/page"}],"author":[{"embeddable":true,"href":"https:\/\/www.karto-k.eu\/index.php?rest_route=\/wp\/v2\/users\/1"}],"replies":[{"embeddable":true,"href":"https:\/\/www.karto-k.eu\/index.php?rest_route=%2Fwp%2Fv2%2Fcomments&post=103"}],"version-history":[{"count":30,"href":"https:\/\/www.karto-k.eu\/index.php?rest_route=\/wp\/v2\/pages\/103\/revisions"}],"predecessor-version":[{"id":568,"href":"https:\/\/www.karto-k.eu\/index.php?rest_route=\/wp\/v2\/pages\/103\/revisions\/568"}],"wp:attachment":[{"href":"https:\/\/www.karto-k.eu\/index.php?rest_route=%2Fwp%2Fv2%2Fmedia&parent=103"}],"curies":[{"name":"wp","href":"https:\/\/api.w.org\/{rel}","templated":true}]}}